{"id":9,"date":"2025-04-14T12:32:27","date_gmt":"2025-04-14T10:32:27","guid":{"rendered":"https:\/\/mloc1080.be\/mokolab\/?page_id=9"},"modified":"2026-03-19T16:53:14","modified_gmt":"2026-03-19T15:53:14","slug":"accueil","status":"publish","type":"page","link":"https:\/\/mloc1080.be\/mokolab\/","title":{"rendered":"Accueil"},"content":{"rendered":"\n<figure class=\"wp-block-image size-full\"><img loading=\"lazy\" decoding=\"async\" width=\"956\" height=\"155\" src=\"https:\/\/mloc1080.be\/mokolab\/wp-content\/uploads\/2025\/04\/Logo-MoKoLab-vectorise_fond-transparent.webp\" alt=\"\" class=\"wp-image-32\" srcset=\"https:\/\/mloc1080.be\/mokolab\/wp-content\/uploads\/2025\/04\/Logo-MoKoLab-vectorise_fond-transparent.webp 956w, https:\/\/mloc1080.be\/mokolab\/wp-content\/uploads\/2025\/04\/Logo-MoKoLab-vectorise_fond-transparent-300x49.webp 300w, https:\/\/mloc1080.be\/mokolab\/wp-content\/uploads\/2025\/04\/Logo-MoKoLab-vectorise_fond-transparent-768x125.webp 768w, https:\/\/mloc1080.be\/mokolab\/wp-content\/uploads\/2025\/04\/Logo-MoKoLab-vectorise_fond-transparent-24x4.webp 24w, https:\/\/mloc1080.be\/mokolab\/wp-content\/uploads\/2025\/04\/Logo-MoKoLab-vectorise_fond-transparent-36x6.webp 36w, https:\/\/mloc1080.be\/mokolab\/wp-content\/uploads\/2025\/04\/Logo-MoKoLab-vectorise_fond-transparent-48x8.webp 48w\" sizes=\"auto, (max-width: 956px) 100vw, 956px\" \/><\/figure>\n\n\n\n<div style=\"height:41px\" aria-hidden=\"true\" class=\"wp-block-spacer\"><\/div>\n\n\n\n<h2 class=\"wp-block-heading\">Contrat de r\u00e9novation urbaine n\u00b06 \u00ab Autour de Simonis \u00bb : axe<br>\u00ab chercheur d\u2019emploi \u00bb<\/h2>\n\n\n\n<p>Dans le cadre du CRU n\u00b06, la <a href=\"https:\/\/mloc1080.be\/\" target=\"_blank\" rel=\"noreferrer noopener\">Mission Locale de Molenbeek<\/a> et le Service Emploi de Koekelberg, avec le soutien conjoint des autorit\u00e9s communales, d\u00e9ploient depuis 2023 le projet \u00ab&nbsp;MoKoLab&nbsp;\u00bb, qui vise \u00e0 d\u00e9finir et \u00e0 exp\u00e9rimenter un m\u00e9canisme soutenant&nbsp;le retour \u00e0 l\u2019emploi des personnes qui en sont durablement \u00e9loign\u00e9es. Nous avons jusqu\u2019\u00e0 fin 2025 pour proposer et exp\u00e9rimenter des actions facilitant ce retour \u00e0 l\u2019emploi, en vue de p\u00e9renniser ensuite le dispositif sur le territoire.<\/p>\n\n\n\n<details class=\"wp-block-details is-layout-flow wp-block-details-is-layout-flow\"><summary>Timeline du projet<\/summary>\n<figure class=\"wp-block-embed is-type-rich is-provider-canva wp-block-embed-canva\"><div class=\"wp-block-embed__wrapper\">\n<iframe loading=\"lazy\" title=\"ANNA_Timeline MoKoLab\" src=\"https:\/\/www.canva.com\/design\/DAGbswZ8Ujs\/WWjfOiMQwLyTf4mqusyO6g\/view?embed&amp;meta\" height=\"675\" width=\"1200\" style=\"border: none; border-radius: 8px; width: 1200px; height: 675px;\" allowfullscreen=\"allowfullscreen\" allow=\"fullscreen\"><\/iframe>\n<\/div><\/figure>\n\n\n\n<div class=\"wp-block-columns is-layout-flex wp-container-core-columns-is-layout-9d6595d7 wp-block-columns-is-layout-flex\">\n<div class=\"wp-block-column is-layout-flow wp-block-column-is-layout-flow\"><\/div>\n\n\n\n<div class=\"wp-block-column is-layout-flow wp-block-column-is-layout-flow\"><\/div>\n<\/div>\n\n\n\n<p><\/p>\n\n\n\n<div class=\"wp-block-columns is-layout-flex wp-container-core-columns-is-layout-9d6595d7 wp-block-columns-is-layout-flex\">\n<div class=\"wp-block-column is-layout-flow wp-block-column-is-layout-flow\"><\/div>\n\n\n\n<div class=\"wp-block-column is-layout-flow wp-block-column-is-layout-flow\"><\/div>\n<\/div>\n<\/details>\n\n\n\n<details class=\"wp-block-details is-layout-flow wp-block-details-is-layout-flow\"><summary>Notre gestionnaire de projet vous en dit plus !<\/summary>\n<div class=\"wp-block-columns is-layout-flex wp-container-core-columns-is-layout-9d6595d7 wp-block-columns-is-layout-flex\">\n<div class=\"wp-block-column is-layout-flow wp-block-column-is-layout-flow\">\n<figure class=\"wp-block-video\"><video height=\"1920\" style=\"aspect-ratio: 1080 \/ 1920;\" width=\"1080\" controls poster=\"https:\/\/mloc1080.be\/mokolab\/wp-content\/uploads\/2025\/04\/IMG_3039.jpg\" src=\"https:\/\/mloc1080.be\/mokolab\/wp-content\/uploads\/2025\/04\/Video-Mokolab-2.mov\"><\/video><\/figure>\n<\/div>\n\n\n\n<div class=\"wp-block-column is-layout-flow wp-block-column-is-layout-flow\"><\/div>\n\n\n\n<div class=\"wp-block-column is-layout-flow wp-block-column-is-layout-flow\"><\/div>\n<\/div>\n\n\n\n<p><\/p>\n<\/details>\n\n\n\n<h3 class=\"wp-block-heading\">Quelle m\u00e9thode ?<\/h3>\n\n\n\n<p>Apr\u00e8s avoir analys\u00e9 les besoins, en concertation avec les acteurs locaux et plusieurs groupes de chercheurs d\u2019emploi, nous avons d\u00e9gag\u00e9 4 axes prioritaires de travail pour notre futur m\u00e9canisme : l\u2019ouverture d\u2019un lieu multi-services, le d\u00e9ploiement de services en sant\u00e9 mentale, la cr\u00e9ation de passerelles avec les employeurs, et le d\u00e9veloppement de solutions pour la garde des enfants. Ces services de soutien \u00e0 la recherche d\u2019emploi ont vocation \u00e0 s\u2019articuler avec des opportunit\u00e9s concr\u00e8tes de retour \u00e0 l\u2019emploi, gr\u00e2ce \u00e0 des activit\u00e9s utiles pour le territoire.<\/p>\n\n\n\n<figure class=\"wp-block-embed is-type-rich is-provider-canva wp-block-embed-canva\"><div class=\"wp-block-embed__wrapper\">\n<iframe loading=\"lazy\" title=\"Vision lieu MoKoLab\" src=\"https:\/\/www.canva.com\/design\/DAGW7TuK28w\/_-Hu6_XRKfa4cs9oxPwVxw\/view?embed&amp;meta\" height=\"794\" width=\"1123\" style=\"border: none; border-radius: 8px; width: 1123px; height: 794px;\" allowfullscreen=\"allowfullscreen\" allow=\"fullscreen\"><\/iframe>\n<\/div><\/figure>\n\n\n\n<p><\/p>\n\n\n\n<h4 class=\"wp-block-heading\">O\u00f9 en est le projet ?<\/h4>\n\n\n<p>\n\n\n<p><\/p>\n\n\n\n<p>Afin d\u2019affiner nos hypoth\u00e8ses et de poser des bases solides pour notre futur m\u00e9canisme, nous avons d\u00e9j\u00e0 commenc\u00e9 \u00e0 d\u00e9ployer des activit\u00e9s :<\/p>\n\n\n\n<ul class=\"wp-block-list\">\n<li>Ateliers d\u2019information autour de l\u2019emploi, pour le public d\u2019ASBL hors de l\u2019ISP.<\/li>\n<\/ul>\n\n\n\n<details class=\"wp-block-details is-layout-flow wp-block-details-is-layout-flow\"><summary>Dans le cadre de chaque atelier, nous r\u00e9alisons un memo visuel que nous distribuons aux participant.es, pour r\u00e9sumer l\u2019information pr\u00e9sent\u00e9e lors de l\u2019atelier et faciliter le recours aux services pr\u00e9sent\u00e9s. Vous souhaitez un flyer similaire pour vous \/ votre public&nbsp;? N\u2019h\u00e9sitez pas \u00e0 nous contacter pour qu\u2019on en parle&nbsp;!&nbsp;<\/summary>\n<div class=\"wp-block-columns is-layout-flex wp-container-core-columns-is-layout-9d6595d7 wp-block-columns-is-layout-flex\">\n<div class=\"wp-block-column is-layout-flow wp-block-column-is-layout-flow\">\n<figure class=\"wp-block-image size-large\"><img loading=\"lazy\" decoding=\"async\" width=\"1024\" height=\"724\" src=\"https:\/\/mloc1080.be\/mokolab\/wp-content\/uploads\/2025\/07\/MoKoLab_visuel-atelier-dinfo_recto-1-1024x724.png\" alt=\"\" class=\"wp-image-395\" srcset=\"https:\/\/mloc1080.be\/mokolab\/wp-content\/uploads\/2025\/07\/MoKoLab_visuel-atelier-dinfo_recto-1-1024x724.png 1024w, https:\/\/mloc1080.be\/mokolab\/wp-content\/uploads\/2025\/07\/MoKoLab_visuel-atelier-dinfo_recto-1-300x212.png 300w, https:\/\/mloc1080.be\/mokolab\/wp-content\/uploads\/2025\/07\/MoKoLab_visuel-atelier-dinfo_recto-1-768x543.png 768w, https:\/\/mloc1080.be\/mokolab\/wp-content\/uploads\/2025\/07\/MoKoLab_visuel-atelier-dinfo_recto-1-1536x1086.png 1536w, https:\/\/mloc1080.be\/mokolab\/wp-content\/uploads\/2025\/07\/MoKoLab_visuel-atelier-dinfo_recto-1-24x17.png 24w, https:\/\/mloc1080.be\/mokolab\/wp-content\/uploads\/2025\/07\/MoKoLab_visuel-atelier-dinfo_recto-1-36x25.png 36w, https:\/\/mloc1080.be\/mokolab\/wp-content\/uploads\/2025\/07\/MoKoLab_visuel-atelier-dinfo_recto-1-48x34.png 48w, https:\/\/mloc1080.be\/mokolab\/wp-content\/uploads\/2025\/07\/MoKoLab_visuel-atelier-dinfo_recto-1.png 2000w\" sizes=\"auto, (max-width: 1024px) 100vw, 1024px\" \/><\/figure>\n<\/div>\n\n\n\n<div class=\"wp-block-column is-layout-flow wp-block-column-is-layout-flow\">\n<figure class=\"wp-block-image size-large\"><img loading=\"lazy\" decoding=\"async\" width=\"1024\" height=\"724\" src=\"https:\/\/mloc1080.be\/mokolab\/wp-content\/uploads\/2025\/07\/MoKoLab_visuel-atelier-dinfo_verso-1024x724.png\" alt=\"\" class=\"wp-image-396\" srcset=\"https:\/\/mloc1080.be\/mokolab\/wp-content\/uploads\/2025\/07\/MoKoLab_visuel-atelier-dinfo_verso-1024x724.png 1024w, https:\/\/mloc1080.be\/mokolab\/wp-content\/uploads\/2025\/07\/MoKoLab_visuel-atelier-dinfo_verso-300x212.png 300w, https:\/\/mloc1080.be\/mokolab\/wp-content\/uploads\/2025\/07\/MoKoLab_visuel-atelier-dinfo_verso-768x543.png 768w, https:\/\/mloc1080.be\/mokolab\/wp-content\/uploads\/2025\/07\/MoKoLab_visuel-atelier-dinfo_verso-1536x1086.png 1536w, https:\/\/mloc1080.be\/mokolab\/wp-content\/uploads\/2025\/07\/MoKoLab_visuel-atelier-dinfo_verso-24x17.png 24w, https:\/\/mloc1080.be\/mokolab\/wp-content\/uploads\/2025\/07\/MoKoLab_visuel-atelier-dinfo_verso-36x25.png 36w, https:\/\/mloc1080.be\/mokolab\/wp-content\/uploads\/2025\/07\/MoKoLab_visuel-atelier-dinfo_verso-48x34.png 48w, https:\/\/mloc1080.be\/mokolab\/wp-content\/uploads\/2025\/07\/MoKoLab_visuel-atelier-dinfo_verso.png 2000w\" sizes=\"auto, (max-width: 1024px) 100vw, 1024px\" \/><\/figure>\n<\/div>\n<\/div>\n\n\n\n<p><\/p>\n<\/details>\n\n\n\n<ol class=\"wp-block-list\">\n<li>Lancement d\u2019un r\u00e9seau local intersectoriel, autour des questions d\u2019acc\u00e8s \u00e0 l\u2019emploi : MoKoLab se veut \u00eatre \u00e9galement un soutien pour les acteurs existants, en plus de faire \u00e9merger de nouveaux services pour le public.\n<ul class=\"wp-block-list\">\n<li>La premi\u00e8re rencontre a eu lieu le 04\/12\/2024, avec pour th\u00e8me \u00ab comment mieux se conna\u00eetre entre acteurs locaux ? \u00bb. <a href=\"https:\/\/www.canva.com\/design\/DAGbsxUn1FU\/h6bNki7iVNmF8n5zskS33A\/view?utm_content=DAGbsxUn1FU&amp;utm_campaign=designshare&amp;utm_medium=link2&amp;utm_source=uniquelinks&amp;utlId=he24a32521d\" target=\"_blank\" rel=\"noopener\">Vous retrouverez ici le r\u00e9capitulatif de la 1\u00e8re rencontre<\/a><\/li>\n\n\n\n<li>La deuxi\u00e8me rencontre a eu lieu le 12\/03\/2025, avec pour th\u00e8me \u00ab comment se connecter aux employeurs ? \u00bb. Vous trouverez ici le r\u00e9capitulatif de ces \u00e9changes et les pistes de solutions identifi\u00e9es. <a href=\"https:\/\/www.mloc1080.be\/wp\/wp-content\/uploads\/2025\/03\/250312_Reseau-MoKoLab-n%C2%B02.pdf\" target=\"_blank\" rel=\"noopener\">Vous trouverez ici le r\u00e9capitulatif de ces \u00e9changes et les pistes de solutions identifi\u00e9es<\/a><\/li>\n\n\n\n<li>La troisi\u00e8me rencontre a eu le 11\/06\/2025 : l\u2019occasion, cette fois, d\u2019aborder le sujet de la garde d\u2019enfants et comment y faciliter l\u2019acc\u00e8s pour les parents en recherche d\u2019emploi. <a href=\"https:\/\/www.canva.com\/design\/DAGsNFoY1ME\/jylkl_KEN-bbxYAsfxzoww\/view?utm_content=DAGsNFoY1ME&amp;utm_campaign=designshare&amp;utm_medium=link2&amp;utm_source=uniquelinks&amp;utlId=h19f1c2d01e\" target=\"_blank\" rel=\"noreferrer noopener\">Vous trouverez ici le r\u00e9capitulatif de cette 3\u00e8me rencontre<\/a><\/li>\n\n\n\n<li>La quatri\u00e8me rencontre a eu lieu le 01\/10\/2025 : nous avons abord\u00e9 les difficult\u00e9s de sant\u00e9 mentale pour les personnes en recherche d\u2019emploi, et identifi\u00e9 les pistes pour am\u00e9liorer l\u2019accompagnement sur le sujet.\u00a0<a href=\"https:\/\/www.canva.com\/design\/DAG18SRwcfg\/Kq15R_cZzRA7FX7g5HhSNQ\/view?utm_content=DAG18SRwcfg&amp;utm_campaign=designshare&amp;utm_medium=link2&amp;utm_source=uniquelinks&amp;utlId=h675c65c19c\" target=\"_blank\" rel=\"noreferrer noopener\">Vous trouverez ici le r\u00e9capitulatif de cette 4\u00e8me rencontre<\/a><\/li>\n\n\n\n<li>La cinqui\u00e8me rencontre a eu lieu le 10\/12\/2025 : nous avons abord\u00e9 les enjeux li\u00e9s aux r\u00e9formes \u00ab\u00a0Arizona\u00a0\u00bb, et identifi\u00e9 comment le r\u00e9seau MoKoLab peut continuer sa dynamique de soutien \u00e0 ses membres. Nous avons \u00e9galement pos\u00e9 les bases de la suite de ce r\u00e9seau, \u00e0 partir de 2026. <a href=\"https:\/\/www.canva.com\/design\/DAG7MoyRvmY\/EdImV35LFtqyE14bBRABKw\/view?utm_content=DAG7MoyRvmY&amp;utm_campaign=designshare&amp;utm_medium=link2&amp;utm_source=uniquelinks&amp;utlId=hceee3dbf02\" target=\"_blank\" rel=\"noreferrer noopener\">Vous trouverez ici le r\u00e9capitulatif de cette 5\u00e8me rencontre<\/a><\/li>\n\n\n\n<li>La sixi\u00e8me rencontre a eu lieu le 07\/01\/2025 : cette s\u00e9ance, apr\u00e8s un bref r\u00e9capitulatif du travail men\u00e9 jusqu\u2019\u00e0 pr\u00e9sent et des quatre axes principaux, a permis de constituer des groupes de travail en lien avec ces axes. Ces groupes ont d\u00e9j\u00e0 pu identifier des th\u00e9matiques prioritaires et \u00e9tablir les premi\u00e8res bases de leur fonctionnement. <a href=\"https:\/\/www.canva.com\/design\/DAG9oif_j7U\/2p8ni9R7vIMivdaIEQVGbg\/edit?utm_content=DAG9oif_j7U&amp;utm_campaign=designshare&amp;utm_medium=link2&amp;utm_source=sharebutton\" target=\"_blank\" rel=\"noreferrer noopener\">Vous trouverez ici le r\u00e9capitulatif de cette 6\u00e8me rencontre<\/a><\/li>\n\n\n\n<li>La septi\u00e8me rencontre a eu lieu le 11\/03\/2026 : cette s\u00e9ance fut l\u2019occasion pour les groupes de travail de partager leurs avancements et pistes d\u2019action. Le r\u00e9seau a \u00e9galement pu \u00e9changer sur les effets de l\u2019Arizona sur le public et dans les structures ainsi que sur les strat\u00e9gies et opportunit\u00e9s qui en d\u00e9coulent. Nous avons termin\u00e9 la session \u00a0par un nouveau temps fort: la pr\u00e9sentation des activit\u00e9s d\u2019un service. En l\u2019occurrence cette fois -ci, les formations et services propos\u00e9s par Koekeltech.\u00a0<a href=\"https:\/\/www.canva.com\/design\/DAG9oif_j7U\/0OOsatn2Bl2788McOXJewA\/view?utm_content=DAG9oif_j7U&amp;utm_campaign=designshare&amp;utm_medium=link2&amp;utm_source=uniquelinks&amp;utlId=h6062f7e325\" target=\"_blank\" rel=\"noreferrer noopener\">Vous trouverez ici le r\u00e9capitulatif de cette 7\u00e8me rencontre<\/a><\/li>\n<\/ul>\n<\/li>\n\n\n\n<li>Le dispositif MoKoLab a vocation \u00e0 \u00eatre r\u00e9plicable et, pour cela, nous souhaitons rendre public notre travail afin qu\u2019il puisse servir \u00e0 toute personne int\u00e9ress\u00e9e&nbsp;: en plus des supports retra\u00e7ant la vie du r\u00e9seau, nous vous proposons des ressources permettant de vous saisir de la d\u00e9marche. N\u2019h\u00e9sitez pas \u00e0 nous contacter si vous avez des questions, et \u00e0 rejoindre la dynamique du r\u00e9seau&nbsp;!&nbsp;\n<ul class=\"wp-block-list\">\n<li>Vous trouverez <a href=\"https:\/\/www.canva.com\/design\/DAG2gq9bN1U\/CJJfZJ2lhYZX8MMsKF2K1g\/view?utm_content=DAG2gq9bN1U&amp;utm_campaign=designshare&amp;utm_medium=link2&amp;utm_source=uniquelinks&amp;utlId=h044ae1615b\" target=\"_blank\" rel=\"noreferrer noopener\">ici <\/a>le livret r\u00e9capitulatif du projet&nbsp;: il retrace notre m\u00e9thodologie et propose des rep\u00e8res pour de futurs projets similaires.&nbsp;<\/li>\n\n\n\n<li>Dans le rapport final ci-dessous, nous partageons ici l\u2019ensemble du travail effectu\u00e9 (analyses, ressources documentaires, m\u00e9thodologie, activit\u00e9s d\u00e9ploy\u00e9es, recommandations, projections budg\u00e9taires)&nbsp;entre 2023 et 2025.&nbsp;<\/li>\n<\/ul>\n<\/li>\n<\/ol>\n\n\n\n<details class=\"wp-block-details is-layout-flow wp-block-details-is-layout-flow\"><summary><strong>Rapport final<\/strong><\/summary>\n<div data-wp-interactive=\"core\/file\" class=\"wp-block-file\"><object data-wp-bind--hidden=\"!state.hasPdfPreview\" hidden class=\"wp-block-file__embed\" data=\"https:\/\/mloc1080.be\/mokolab\/wp-content\/uploads\/2026\/01\/260107_MoKoLab_Rapport-complet_compressed.pdf\" type=\"application\/pdf\" style=\"width:100%;height:600px\" aria-label=\"Contenu embarqu\u00e9 260107_MoKoLab_Rapport complet_compressed.\"><\/object><a id=\"wp-block-file--media-d9b745a0-a61b-463b-bb97-94d936242f8b\" href=\"https:\/\/mloc1080.be\/mokolab\/wp-content\/uploads\/2026\/01\/260107_MoKoLab_Rapport-complet_compressed.pdf\">260107_MoKoLab_Rapport complet_compressed<\/a><a href=\"https:\/\/mloc1080.be\/mokolab\/wp-content\/uploads\/2026\/01\/260107_MoKoLab_Rapport-complet_compressed.pdf\" class=\"wp-block-file__button wp-element-button\" download aria-describedby=\"wp-block-file--media-d9b745a0-a61b-463b-bb97-94d936242f8b\">T\u00e9l\u00e9charger<\/a><\/div>\n<\/details>\n\n\n\n<p><\/p>\n\n\n\n<p>La dynamique MoKoLab se poursuit au-del\u00e0 de 2025&nbsp;: contactez-nous si vous souhaitez en savoir davantage ou rejoindre l\u2019aventure !&nbsp;<\/p>\n\n\n\n<p><strong>Plateforme du r\u00e9seau MoKoLab&nbsp;:&nbsp;MoKoLab propose une plateforme aux membres du r\u00e9seau intersectoriel, afin de faciliter les collaborations et de soutenir le travail de ses membres. Si vous n\u2019\u00eates pas encore membre du r\u00e9seau, n\u2019h\u00e9sitez pas \u00e0 prendre contact avec nous pour que nous puissions en discuter&nbsp;!&nbsp;<\/strong><\/p>\n\n\n\n<div class=\"wp-block-group\"><div class=\"wp-block-group__inner-container is-layout-constrained wp-block-group-is-layout-constrained\">\n<div class=\"wp-block-columns is-layout-flex wp-container-core-columns-is-layout-9d6595d7 wp-block-columns-is-layout-flex\">\n<div class=\"wp-block-column is-layout-flow wp-block-column-is-layout-flow\">\n<p class=\"has-text-align-center has-neve-link-hover-color-color has-text-color has-background has-link-color wp-elements-816904a7c57f29e806242a13c2b29ba4\" style=\"background-color:#d8f2f8\"><img loading=\"lazy\" decoding=\"async\" width=\"52\" height=\"44\" class=\"alignnone  wp-image-122\" src=\"https:\/\/mloc1080.be\/mokolab\/wp-content\/uploads\/2025\/04\/Design-sans-titre-2025-04-15T121059.342-300x251.png\" alt=\"\" srcset=\"https:\/\/mloc1080.be\/mokolab\/wp-content\/uploads\/2025\/04\/Design-sans-titre-2025-04-15T121059.342-300x251.png 300w, https:\/\/mloc1080.be\/mokolab\/wp-content\/uploads\/2025\/04\/Design-sans-titre-2025-04-15T121059.342-768x644.png 768w, https:\/\/mloc1080.be\/mokolab\/wp-content\/uploads\/2025\/04\/Design-sans-titre-2025-04-15T121059.342-24x20.png 24w, https:\/\/mloc1080.be\/mokolab\/wp-content\/uploads\/2025\/04\/Design-sans-titre-2025-04-15T121059.342-36x30.png 36w, https:\/\/mloc1080.be\/mokolab\/wp-content\/uploads\/2025\/04\/Design-sans-titre-2025-04-15T121059.342-48x40.png 48w, https:\/\/mloc1080.be\/mokolab\/wp-content\/uploads\/2025\/04\/Design-sans-titre-2025-04-15T121059.342.png 828w\" sizes=\"auto, (max-width: 52px) 100vw, 52px\" \/>&nbsp; Lo\u00efc Boon<br><strong><a href=\"mailto:amontagutelli@mloc1080.be\">lboon@mloc1080.be<\/a><\/strong><br><strong>+32 (0) 499 96 34<\/strong> <strong>05<\/strong><\/p>\n<\/div>\n\n\n\n<div class=\"wp-block-column is-layout-flow wp-block-column-is-layout-flow\">\n<p class=\"has-text-align-center has-neve-link-hover-color-color has-text-color has-background has-link-color wp-elements-29bd6219184f1e448ce1534252f6fdbc\" style=\"background-color:#d8f2f8\"><img loading=\"lazy\" decoding=\"async\" width=\"52\" height=\"44\" class=\"alignnone  wp-image-122\" src=\"https:\/\/mloc1080.be\/mokolab\/wp-content\/uploads\/2025\/04\/Design-sans-titre-2025-04-15T121059.342-300x251.png\" alt=\"\" srcset=\"https:\/\/mloc1080.be\/mokolab\/wp-content\/uploads\/2025\/04\/Design-sans-titre-2025-04-15T121059.342-300x251.png 300w, https:\/\/mloc1080.be\/mokolab\/wp-content\/uploads\/2025\/04\/Design-sans-titre-2025-04-15T121059.342-768x644.png 768w, https:\/\/mloc1080.be\/mokolab\/wp-content\/uploads\/2025\/04\/Design-sans-titre-2025-04-15T121059.342-24x20.png 24w, https:\/\/mloc1080.be\/mokolab\/wp-content\/uploads\/2025\/04\/Design-sans-titre-2025-04-15T121059.342-36x30.png 36w, https:\/\/mloc1080.be\/mokolab\/wp-content\/uploads\/2025\/04\/Design-sans-titre-2025-04-15T121059.342-48x40.png 48w, https:\/\/mloc1080.be\/mokolab\/wp-content\/uploads\/2025\/04\/Design-sans-titre-2025-04-15T121059.342.png 828w\" sizes=\"auto, (max-width: 52px) 100vw, 52px\" \/>\u00a0 Mouna Jamli<br><strong><a href=\"mailto:amontagutelli@mloc1080.be\"><a href=\"mailto:mjamli@koekeljob.be\">mjamli@koekeljob.be<\/a><\/a><\/strong><br><strong>+32 (0) 475 99 93 50\u00a0<\/strong><\/p>\n<\/div>\n\n\n\n<div class=\"wp-block-column is-layout-flow wp-block-column-is-layout-flow\">\n<p class=\"has-text-align-center has-neve-link-hover-color-color has-text-color has-background has-link-color wp-elements-26ef9385ad4051ac1e9d84e067ebcd92\" style=\"background-color:#d8f2f8\"><img loading=\"lazy\" decoding=\"async\" width=\"52\" height=\"44\" class=\"alignnone  wp-image-122\" src=\"https:\/\/mloc1080.be\/mokolab\/wp-content\/uploads\/2025\/04\/Design-sans-titre-2025-04-15T121059.342-300x251.png\" alt=\"\" srcset=\"https:\/\/mloc1080.be\/mokolab\/wp-content\/uploads\/2025\/04\/Design-sans-titre-2025-04-15T121059.342-300x251.png 300w, https:\/\/mloc1080.be\/mokolab\/wp-content\/uploads\/2025\/04\/Design-sans-titre-2025-04-15T121059.342-768x644.png 768w, https:\/\/mloc1080.be\/mokolab\/wp-content\/uploads\/2025\/04\/Design-sans-titre-2025-04-15T121059.342-24x20.png 24w, https:\/\/mloc1080.be\/mokolab\/wp-content\/uploads\/2025\/04\/Design-sans-titre-2025-04-15T121059.342-36x30.png 36w, https:\/\/mloc1080.be\/mokolab\/wp-content\/uploads\/2025\/04\/Design-sans-titre-2025-04-15T121059.342-48x40.png 48w, https:\/\/mloc1080.be\/mokolab\/wp-content\/uploads\/2025\/04\/Design-sans-titre-2025-04-15T121059.342.png 828w\" sizes=\"auto, (max-width: 52px) 100vw, 52px\" \/>\u00a0 Mohamed Khalidi<br><strong><a href=\"mailto:mjamli@koekelberg.brussels\"><em><a href=\"mailto:mohamed@koekeljob.be\">mohamed@koekeljob.be<\/a><\/em><\/a><\/strong><br><strong>+32 (0) 492 98 41 73<\/strong><\/p>\n<\/div>\n<\/div>\n<\/div><\/div>\n\n\n\n<p><\/p>\n\n\n\n<p><\/p>\n\n\n<div class=\"wp-block-image\">\n<figure class=\"aligncenter size-large is-resized\"><img loading=\"lazy\" decoding=\"async\" width=\"1024\" height=\"174\" src=\"https:\/\/mloc1080.be\/mokolab\/wp-content\/uploads\/2025\/04\/Design-sans-titre-2025-04-15T122013.902-1024x174.png\" alt=\"\" class=\"wp-image-138\" style=\"width:883px;height:auto\" srcset=\"https:\/\/mloc1080.be\/mokolab\/wp-content\/uploads\/2025\/04\/Design-sans-titre-2025-04-15T122013.902-1024x174.png 1024w, https:\/\/mloc1080.be\/mokolab\/wp-content\/uploads\/2025\/04\/Design-sans-titre-2025-04-15T122013.902-300x51.png 300w, https:\/\/mloc1080.be\/mokolab\/wp-content\/uploads\/2025\/04\/Design-sans-titre-2025-04-15T122013.902-768x130.png 768w, https:\/\/mloc1080.be\/mokolab\/wp-content\/uploads\/2025\/04\/Design-sans-titre-2025-04-15T122013.902-1536x261.png 1536w, https:\/\/mloc1080.be\/mokolab\/wp-content\/uploads\/2025\/04\/Design-sans-titre-2025-04-15T122013.902-24x4.png 24w, https:\/\/mloc1080.be\/mokolab\/wp-content\/uploads\/2025\/04\/Design-sans-titre-2025-04-15T122013.902-36x6.png 36w, https:\/\/mloc1080.be\/mokolab\/wp-content\/uploads\/2025\/04\/Design-sans-titre-2025-04-15T122013.902-48x8.png 48w, https:\/\/mloc1080.be\/mokolab\/wp-content\/uploads\/2025\/04\/Design-sans-titre-2025-04-15T122013.902.png 1920w\" sizes=\"auto, (max-width: 1024px) 100vw, 1024px\" \/><\/figure>\n<\/div>\n\n\n<p><\/p>\n","protected":false},"excerpt":{"rendered":"<p>Contrat de r\u00e9novation urbaine n\u00b06 \u00ab Autour de Simonis \u00bb : axe\u00ab chercheur d\u2019emploi \u00bb Dans le cadre du CRU n\u00b06, la Mission Locale de Molenbeek et le Service Emploi de Koekelberg, avec le soutien conjoint des autorit\u00e9s communales, d\u00e9ploient depuis 2023 le projet \u00ab&nbsp;MoKoLab&nbsp;\u00bb, qui vise \u00e0 d\u00e9finir et \u00e0 exp\u00e9rimenter un m\u00e9canisme soutenant&nbsp;le&hellip;&nbsp;<a href=\"https:\/\/mloc1080.be\/mokolab\/\" rel=\"bookmark\">Lire la suite &raquo;<span class=\"screen-reader-text\">Accueil<\/span><\/a><\/p>\n","protected":false},"author":1,"featured_media":0,"parent":0,"menu_order":0,"comment_status":"closed","ping_status":"closed","template":"","meta":{"neve_meta_sidebar":"","neve_meta_container":"","neve_meta_enable_content_width":"","neve_meta_content_width":0,"neve_meta_title_alignment":"","neve_meta_author_avatar":"","neve_post_elements_order":"","neve_meta_disable_header":"","neve_meta_disable_footer":"","neve_meta_disable_title":"","footnotes":""},"class_list":["post-9","page","type-page","status-publish","hentry"],"_links":{"self":[{"href":"https:\/\/mloc1080.be\/mokolab\/wp-json\/wp\/v2\/pages\/9","targetHints":{"allow":["GET"]}}],"collection":[{"href":"https:\/\/mloc1080.be\/mokolab\/wp-json\/wp\/v2\/pages"}],"about":[{"href":"https:\/\/mloc1080.be\/mokolab\/wp-json\/wp\/v2\/types\/page"}],"author":[{"embeddable":true,"href":"https:\/\/mloc1080.be\/mokolab\/wp-json\/wp\/v2\/users\/1"}],"replies":[{"embeddable":true,"href":"https:\/\/mloc1080.be\/mokolab\/wp-json\/wp\/v2\/comments?post=9"}],"version-history":[{"count":73,"href":"https:\/\/mloc1080.be\/mokolab\/wp-json\/wp\/v2\/pages\/9\/revisions"}],"predecessor-version":[{"id":658,"href":"https:\/\/mloc1080.be\/mokolab\/wp-json\/wp\/v2\/pages\/9\/revisions\/658"}],"wp:attachment":[{"href":"https:\/\/mloc1080.be\/mokolab\/wp-json\/wp\/v2\/media?parent=9"}],"curies":[{"name":"wp","href":"https:\/\/api.w.org\/{rel}","templated":true}]}}